{"id":72,"date":"2016-03-09T10:21:40","date_gmt":"2016-03-09T09:21:40","guid":{"rendered":"http:\/\/calima.de\/?page_id=72"},"modified":"2023-04-28T16:57:03","modified_gmt":"2023-04-28T15:57:03","slug":"home","status":"publish","type":"page","link":"https:\/\/calima.de\/","title":{"rendered":"Home"},"content":{"rendered":"<p><strong>Welcome to \/\u00a0Willkommen bei<\/strong> <span style=\"color: #000000;\"><strong>calima engineering<\/strong><\/span>.<\/p>\n<p><span style=\"color: #000000;\"><strong>calima engineering<\/strong><\/span> ist spezialisiert auf die Entwicklung von <strong>Embedded Systems<\/strong>, inbesondere in Kombination mit <strong>Signalverarbeitung <\/strong>und <strong>kundenspezifischen Funkprotokollen.<\/strong> Unsere Erfahrung basiert auf 15 Jahren festangestellter T\u00e4tigkeit in High-Tech-Firmen sowie ebenso langer freiberuflicher T\u00e4tigkeit im Bereich Entwicklung. Im Bereich Funkprotokolle sind dabei zwei Patente entstanden.<\/p>\n<p>Unsere Schwerpunkte sind:<\/p>\n<p><strong>Embedded Systems<\/strong> \u2013 Ultra Low Power, Cortex-M0+..M4 mit 32 Bits, Hardware&amp;Software CoDesign<br \/>\n<strong>Mikrocontroller-Firmware in C und C++.<br \/>\n<\/strong><strong>Wireless Protocols<\/strong> \u2013 Custom Protocol Design, Star &amp; Mesh Networks,\u00a0Large Volume of Nodes<br \/>\n<strong>RFID\/NFC<\/strong>\u00a0\u2013\u00a0Intelligent Tags, Energy Harvesting, Long Range &amp; Ultra Low Power\u00a0Reader<\/p>\n<p><strong>Analogtechnik \u2013 Low Noise, High Precision, High Speed<br \/>\nDigitaltechnik \u2013 High Speed, Mixed Signal, CPLD\/FPGA, VHDL<br \/>\nHF &amp; Wireless\u00a0Design\u2013 Ultra Low Power, High Reliability<\/strong><\/p>\n<p><strong>State Machine Design unter Einsatz von:<\/strong><\/p>\n<ul>\n<li>Grafischer Dokumentation f\u00fcr die Festlegung der Ger\u00e4tefunktionen in Zusammenarbeit mit dem Kunden,<\/li>\n<li>SW-Strukturelementen f\u00fcr die exakte Abbildung der Kundenspezifikation in Software,<\/li>\n<li>Low-Power Scheduler mit Diagnose-Funktionen, Performance-Monitoring, &#8230;<\/li>\n<li>Portabilit\u00e4t, Strukturierung in Layern und Dokumentation der SW-Funktionalit\u00e4t<\/li>\n<\/ul>\n<p><strong>Test &amp; Messtechnik:<\/strong><\/p>\n<ul>\n<li><strong>Messsysteme<\/strong> mit Auswertung entsprechender Sensorik,\u00a0Funk, Daten-Logging, Vorverarbeitung der Sensordaten<\/li>\n<li><strong>Pr\u00fcfsysteme\u00a0f\u00fcr den Produktionstest<\/strong> &#8211; von der Messwertaufnahme mit Einbindung entsprechender Messger\u00e4te zur PC-SW mit Datenbankanbindung bis zum mechanischen Aufbau inkl. Kontaktfelder etc.<\/li>\n<\/ul>\n<p>Zus\u00e4tzlich bieten wir unseren Kunden:<strong><br \/>\nReengineering <\/strong>\u2013 Optimierung, Modernisierung und Weiterentwicklung bestehender Ger\u00e4te oder\u00a0Baugruppen<strong>.<br \/>\nEngineering Network<\/strong> \u2013 Unser Netzwerk aus freien Mitarbeitern und erprobten Partnern f\u00fcr Antennen-Design, Ultra-HF-Design, Linux, Manufacturing, &#8230;<\/p>\n<p>Wir versuchen grunds\u00e4tzlich die <strong>wirtschaftlichste<\/strong> und <strong>einfachste<\/strong> L\u00f6sung f\u00fcr unsere Kundenprojekte zu finden. Das erfordert Erfahrung und intensive Besch\u00e4ftigung mit der jeweiligen Thematik sowie enge Zusammenarbeit mit dem Kunden.<\/p>\n<p>Aus Gesamtbetrachtung heraus helfen wir das Optimum zw. Entwicklung und Produktionskosten zu finden.<\/p>\n<p>Zum Schlu\u00df ein Leitsatz, den die Erfahrung immer wieder best\u00e4tigt:<br \/>\n<strong>\u201e<em>Simplicity is a great virtue but it requires hard work to achieve it and education to appreciate it. And to make matters worse: complexity sells better<\/em>\u201c<\/strong> \u2013 Edsger W. Dijkstra<\/p>\n","protected":false},"excerpt":{"rendered":"<p>Welcome to \/\u00a0Willkommen bei calima engineering. calima engineering ist spezialisiert auf die Entwicklung von Embedded Systems, inbesondere in Kombination mit Signalverarbeitung und kundenspezifischen Funkprotokollen. Unsere Erfahrung basiert auf 15 Jahren festangestellter T\u00e4tigkeit in High-Tech-Firmen sowie ebenso langer freiberuflicher T\u00e4tigkeit im Bereich Entwicklung. Im Bereich Funkprotokolle sind dabei zwei Patente entstanden. Unsere Schwerpunkte sind: Embedded Systems [&hellip;]<\/p>\n","protected":false},"author":1,"featured_media":0,"parent":0,"menu_order":0,"comment_status":"closed","ping_status":"closed","template":"","meta":{"footnotes":""},"class_list":["post-72","page","type-page","status-publish","hentry"],"_links":{"self":[{"href":"https:\/\/calima.de\/index.php?rest_route=\/wp\/v2\/pages\/72","targetHints":{"allow":["GET"]}}],"collection":[{"href":"https:\/\/calima.de\/index.php?rest_route=\/wp\/v2\/pages"}],"about":[{"href":"https:\/\/calima.de\/index.php?rest_route=\/wp\/v2\/types\/page"}],"author":[{"embeddable":true,"href":"https:\/\/calima.de\/index.php?rest_route=\/wp\/v2\/users\/1"}],"replies":[{"embeddable":true,"href":"https:\/\/calima.de\/index.php?rest_route=%2Fwp%2Fv2%2Fcomments&post=72"}],"version-history":[{"count":40,"href":"https:\/\/calima.de\/index.php?rest_route=\/wp\/v2\/pages\/72\/revisions"}],"predecessor-version":[{"id":215,"href":"https:\/\/calima.de\/index.php?rest_route=\/wp\/v2\/pages\/72\/revisions\/215"}],"wp:attachment":[{"href":"https:\/\/calima.de\/index.php?rest_route=%2Fwp%2Fv2%2Fmedia&parent=72"}],"curies":[{"name":"wp","href":"https:\/\/api.w.org\/{rel}","templated":true}]}}